{"id":13,"date":"2014-03-30T17:35:16","date_gmt":"2014-03-30T15:35:16","guid":{"rendered":"http:\/\/www.karin-unikatschmuck.de\/wordpress\/?page_id=13"},"modified":"2014-04-06T19:23:51","modified_gmt":"2014-04-06T17:23:51","slug":"start","status":"publish","type":"page","link":"https:\/\/www.karin-unikatschmuck.de\/","title":{"rendered":"Unikatschmuck von     Karin Br\u00f6cker-Wagner"},"content":{"rendered":"<p>Willkommen auf meiner kleinen Internetpr\u00e4senz. Hier m\u00f6chte ich Ihnen<br \/>\neinen Einblick in mein Schaffen geben. In meiner Galerie finden Sie einige<br \/>\nausgew\u00e4hlte Arbeiten der letzten Jahre. Gerne k\u00f6nnen Sie mich kontaktieren,<br \/>\nwenn Sie einen besonderen Wunsch f\u00fcr ihren Unikatschmuck haben. Ansonsten<br \/>\nfinden Sie unter dem Men\u00fcpunkt Aktuelles meine n\u00e4chsten Ausstellungen an denen<br \/>\nSie mich und meinen Unikatschmuck kennenlernen und probieren k\u00f6nnen.<\/p>\n","protected":false},"excerpt":{"rendered":"<p>Willkommen auf meiner kleinen Internetpr\u00e4senz. Hier m\u00f6chte ich Ihnen einen Einblick in mein Schaffen geben. In meiner Galerie finden Sie einige ausgew\u00e4hlte Arbeiten der letzten Jahre. Gerne k\u00f6nnen Sie mich kontaktieren, wenn Sie einen besonderen Wunsch f\u00fcr ihren Unikatschmuck haben. &hellip; <a href=\"https:\/\/www.karin-unikatschmuck.de\/\">Weiterlesen <span class=\"meta-nav\">&rarr;<\/span><\/a><\/p>\n","protected":false},"author":1,"featured_media":0,"parent":0,"menu_order":0,"comment_status":"closed","ping_status":"closed","template":"","meta":[],"_links":{"self":[{"href":"https:\/\/www.karin-unikatschmuck.de\/index.php?rest_route=\/wp\/v2\/pages\/13"}],"collection":[{"href":"https:\/\/www.karin-unikatschmuck.de\/index.php?rest_route=\/wp\/v2\/pages"}],"about":[{"href":"https:\/\/www.karin-unikatschmuck.de\/index.php?rest_route=\/wp\/v2\/types\/page"}],"author":[{"embeddable":true,"href":"https:\/\/www.karin-unikatschmuck.de\/index.php?rest_route=\/wp\/v2\/users\/1"}],"replies":[{"embeddable":true,"href":"https:\/\/www.karin-unikatschmuck.de\/index.php?rest_route=%2Fwp%2Fv2%2Fcomments&post=13"}],"version-history":[{"count":2,"href":"https:\/\/www.karin-unikatschmuck.de\/index.php?rest_route=\/wp\/v2\/pages\/13\/revisions"}],"predecessor-version":[{"id":35,"href":"https:\/\/www.karin-unikatschmuck.de\/index.php?rest_route=\/wp\/v2\/pages\/13\/revisions\/35"}],"wp:attachment":[{"href":"https:\/\/www.karin-unikatschmuck.de\/index.php?rest_route=%2Fwp%2Fv2%2Fmedia&parent=13"}],"curies":[{"name":"wp","href":"https:\/\/api.w.org\/{rel}","templated":true}]}}